{"id":82,"date":"2024-10-02T03:16:29","date_gmt":"2024-10-02T03:16:29","guid":{"rendered":"https:\/\/cocainefrance.com\/?page_id=82"},"modified":"2024-10-02T03:16:29","modified_gmt":"2024-10-02T03:16:29","slug":"signal-group-chat","status":"publish","type":"page","link":"https:\/\/cocainefrance.com\/index.php\/signal-group-chat\/","title":{"rendered":"Signal Group chat"},"content":{"rendered":"<p>30\/09\/2024 Actualit\u00e9s importantes<\/p>\n<p>Chers clients, amis, en raison de l&rsquo;arrestation de Pavel Durov et de sa collaboration avec la justice internationale, il n&rsquo;est plus possible de publier, de faire de la publicit\u00e9 ou de pr\u00f4ner tout type de substance, etc., \u00e0 cause de cela, nous abandonnons TELEGRAM, et nous chang\u00e9 en SIGNAL, o\u00f9 la confidentialit\u00e9 est respect\u00e9e, par cons\u00e9quent, et pour cette raison, nous avons cr\u00e9\u00e9 un canal public de type CHAT (nous n&rsquo;ouvrons jamais les canaux priv\u00e9s), o\u00f9 vous pouvez rejoindre, NOUS ACCEPTONS UNIQUEMENT les groupes priv\u00e9s pour les anciens clients pr\u00e9alablement v\u00e9rifi\u00e9s des raisons \u00e9videntes de s\u00e9curit\u00e9.<\/p>\n<p>&nbsp;<\/p>\n<p>Signal LINK pour Telecocamadrid.com, www.xtcmadrid.com et tous les sites Web d\u00e9riv\u00e9s.<\/p>\n<p>&nbsp;<\/p>\n<p>LIEN du Groupe Public Signal Teleco-XTC :<\/p>\n<p><a href=\"https:\/\/signal.group\/#CjQKIGGClD2SRXCY4y2aXdrhl-6ik6F0I8QvVwu5oEf\u2013f7hEhCA8rnVpPCPwg92_EVpEagM\">https:\/\/signal.group\/#CjQKIGGClD2SRXCY4y2aXdrhl-6ik6F0I8QvVwu5oEf\u2013f7hEhCA8rnVpPCPwg92_EVpEagM<\/a><\/p>\n<div class='smartthreema_box'><img src='https:\/\/cocainefrance.com\/wp-content\/plugins\/smart-threema\/images\/floating-button-threema-klein.png' class='smartthreema_img'><a href='https:\/\/three.ma\/JHXT6HHA' target='_blank' class='smartthreema_link'>Please Download Threema App<\/a><br><div class='smartthreema_minimsg'>to your Mobile Device and click again<\/div><\/div>","protected":false},"excerpt":{"rendered":"<p>30\/09\/2024 Actualit\u00e9s importantes Chers clients, amis, en raison de l&rsquo;arrestation de Pavel Durov et de sa collaboration avec la justice internationale, il n&rsquo;est plus possible de publier, de faire de la publicit\u00e9 ou de pr\u00f4ner tout type de substance, etc., \u00e0 cause de cela, nous abandonnons TELEGRAM, et nous chang\u00e9 en SIGNAL, o\u00f9 la confidentialit\u00e9 [&hellip;]<\/p>\n","protected":false},"author":1,"featured_media":0,"parent":0,"menu_order":0,"comment_status":"closed","ping_status":"closed","template":"","meta":{"footnotes":""},"class_list":["post-82","page","type-page","status-publish","hentry"],"_links":{"self":[{"href":"https:\/\/cocainefrance.com\/index.php\/wp-json\/wp\/v2\/pages\/82","targetHints":{"allow":["GET"]}}],"collection":[{"href":"https:\/\/cocainefrance.com\/index.php\/wp-json\/wp\/v2\/pages"}],"about":[{"href":"https:\/\/cocainefrance.com\/index.php\/wp-json\/wp\/v2\/types\/page"}],"author":[{"embeddable":true,"href":"https:\/\/cocainefrance.com\/index.php\/wp-json\/wp\/v2\/users\/1"}],"replies":[{"embeddable":true,"href":"https:\/\/cocainefrance.com\/index.php\/wp-json\/wp\/v2\/comments?post=82"}],"version-history":[{"count":0,"href":"https:\/\/cocainefrance.com\/index.php\/wp-json\/wp\/v2\/pages\/82\/revisions"}],"wp:attachment":[{"href":"https:\/\/cocainefrance.com\/index.php\/wp-json\/wp\/v2\/media?parent=82"}],"curies":[{"name":"wp","href":"https:\/\/api.w.org\/{rel}","templated":true}]}}