{"id":80,"date":"2024-10-02T03:15:47","date_gmt":"2024-10-02T03:15:47","guid":{"rendered":"https:\/\/cocainefrance.com\/?page_id=80"},"modified":"2024-10-02T03:15:47","modified_gmt":"2024-10-02T03:15:47","slug":"no-telegram","status":"publish","type":"page","link":"https:\/\/cocainefrance.com\/index.php\/no-telegram\/","title":{"rendered":"No telegram"},"content":{"rendered":"<p>Chers amis, \u00e0 compter du 30\/09\/2024, CERTAINEMENT, il ne sera plus annonc\u00e9 sur aucun canal, groupe, il ne sera pas utilis\u00e9 et on n&rsquo;en parlera pas dans aucun canal, groupe ou utilisateur ouvert ou ferm\u00e9, \u00e0 travers l&rsquo;application TELEGRAM, gr\u00e2ce \u00e0 la collaboration de Pavel Durov, et \u00e0 la fermeture de millions de groupes, cha\u00eenes, avec r\u00e9f\u00e9rence ou excuses \u00e0 tout type de substance, sujets politiques, kaku5nas, etc., etc. C&rsquo;est pourquoi, en aucun cas, nous ne l&rsquo;utiliserons \u00e0 nouveau,<\/p>\n<p>Nous sommes sinc\u00e8rement d\u00e9sol\u00e9s pour les malentendus, les conversations perdues et les difficult\u00e9s dues aux conversations, aux achats, etc.<\/p>\n<p>Nous appr\u00e9cions la compr\u00e9hension, et surtout le soutien en ces temps difficiles pour pouvoir gagner de l&rsquo;argent, et manger du pain honn\u00eatement.<\/p>\n<div class='smartthreema_box'><img src='https:\/\/cocainefrance.com\/wp-content\/plugins\/smart-threema\/images\/floating-button-threema-klein.png' class='smartthreema_img'><a href='https:\/\/three.ma\/JHXT6HHA' target='_blank' class='smartthreema_link'>Please Download Threema App<\/a><br><div class='smartthreema_minimsg'>to your Mobile Device and click again<\/div><\/div>","protected":false},"excerpt":{"rendered":"<p>Chers amis, \u00e0 compter du 30\/09\/2024, CERTAINEMENT, il ne sera plus annonc\u00e9 sur aucun canal, groupe, il ne sera pas utilis\u00e9 et on n&rsquo;en parlera pas dans aucun canal, groupe ou utilisateur ouvert ou ferm\u00e9, \u00e0 travers l&rsquo;application TELEGRAM, gr\u00e2ce \u00e0 la collaboration de Pavel Durov, et \u00e0 la fermeture de millions de groupes, cha\u00eenes, [&hellip;]<\/p>\n","protected":false},"author":1,"featured_media":0,"parent":0,"menu_order":0,"comment_status":"closed","ping_status":"closed","template":"","meta":{"footnotes":""},"class_list":["post-80","page","type-page","status-publish","hentry"],"_links":{"self":[{"href":"https:\/\/cocainefrance.com\/index.php\/wp-json\/wp\/v2\/pages\/80","targetHints":{"allow":["GET"]}}],"collection":[{"href":"https:\/\/cocainefrance.com\/index.php\/wp-json\/wp\/v2\/pages"}],"about":[{"href":"https:\/\/cocainefrance.com\/index.php\/wp-json\/wp\/v2\/types\/page"}],"author":[{"embeddable":true,"href":"https:\/\/cocainefrance.com\/index.php\/wp-json\/wp\/v2\/users\/1"}],"replies":[{"embeddable":true,"href":"https:\/\/cocainefrance.com\/index.php\/wp-json\/wp\/v2\/comments?post=80"}],"version-history":[{"count":0,"href":"https:\/\/cocainefrance.com\/index.php\/wp-json\/wp\/v2\/pages\/80\/revisions"}],"wp:attachment":[{"href":"https:\/\/cocainefrance.com\/index.php\/wp-json\/wp\/v2\/media?parent=80"}],"curies":[{"name":"wp","href":"https:\/\/api.w.org\/{rel}","templated":true}]}}