{"id":32,"date":"2023-09-19T01:30:51","date_gmt":"2023-09-19T01:30:51","guid":{"rendered":"https:\/\/cocainefrance.com\/?page_id=32"},"modified":"2023-09-19T01:30:51","modified_gmt":"2023-09-19T01:30:51","slug":"qui-nous-sommes-info-postale","status":"publish","type":"page","link":"https:\/\/cocainefrance.com\/index.php\/qui-nous-sommes-info-postale\/","title":{"rendered":"Qui nous sommes &#8211; Info postale"},"content":{"rendered":"<p>Nous sommes une petite boutique sur le clear-net qui travaillait auparavant sur le darknet sous le nom \u00ab\u00a0X-rexCO-Paris\u00a0\u00bb, depuis 2012, nous ne sommes pas vraiment de gros vendeurs en grande quantit\u00e9, nous sommes sp\u00e9cialis\u00e9s dans le fait d&rsquo;avoir une petite client\u00e8le select que nous reconnaissons , pour la qualit\u00e9, la rapidit\u00e9 et le bon service.<\/p>\n<p>Pour des raisons de s\u00e9curit\u00e9, nos envois entrent en France en provenance de pays sans drapeau rouge par la poste, et tous les envois se font par lettre postale, et sans num\u00e9ro de suivi pour \u00e9viter tout type d&rsquo;ins\u00e9curit\u00e9, d&rsquo;enregistrement ou de trace.<\/p>\n<p>Toutes les exp\u00e9ditions prennent 3 \u00e0 15 jours maximum partout en France.<\/p>\n<div class='smartthreema_box'><img src='https:\/\/cocainefrance.com\/wp-content\/plugins\/smart-threema\/images\/floating-button-threema-klein.png' class='smartthreema_img'><a href='https:\/\/three.ma\/JHXT6HHA' target='_blank' class='smartthreema_link'>Please Download Threema App<\/a><br><div class='smartthreema_minimsg'>to your Mobile Device and click again<\/div><\/div>","protected":false},"excerpt":{"rendered":"<p>Nous sommes une petite boutique sur le clear-net qui travaillait auparavant sur le darknet sous le nom \u00ab\u00a0X-rexCO-Paris\u00a0\u00bb, depuis 2012, nous ne sommes pas vraiment de gros vendeurs en grande quantit\u00e9, nous sommes sp\u00e9cialis\u00e9s dans le fait d&rsquo;avoir une petite client\u00e8le select que nous reconnaissons , pour la qualit\u00e9, la rapidit\u00e9 et le bon service. [&hellip;]<\/p>\n","protected":false},"author":1,"featured_media":0,"parent":0,"menu_order":0,"comment_status":"closed","ping_status":"closed","template":"","meta":{"footnotes":""},"class_list":["post-32","page","type-page","status-publish","hentry"],"_links":{"self":[{"href":"https:\/\/cocainefrance.com\/index.php\/wp-json\/wp\/v2\/pages\/32","targetHints":{"allow":["GET"]}}],"collection":[{"href":"https:\/\/cocainefrance.com\/index.php\/wp-json\/wp\/v2\/pages"}],"about":[{"href":"https:\/\/cocainefrance.com\/index.php\/wp-json\/wp\/v2\/types\/page"}],"author":[{"embeddable":true,"href":"https:\/\/cocainefrance.com\/index.php\/wp-json\/wp\/v2\/users\/1"}],"replies":[{"embeddable":true,"href":"https:\/\/cocainefrance.com\/index.php\/wp-json\/wp\/v2\/comments?post=32"}],"version-history":[{"count":0,"href":"https:\/\/cocainefrance.com\/index.php\/wp-json\/wp\/v2\/pages\/32\/revisions"}],"wp:attachment":[{"href":"https:\/\/cocainefrance.com\/index.php\/wp-json\/wp\/v2\/media?parent=32"}],"curies":[{"name":"wp","href":"https:\/\/api.w.org\/{rel}","templated":true}]}}