{"id":28,"date":"2023-09-19T01:26:42","date_gmt":"2023-09-19T01:26:42","guid":{"rendered":"https:\/\/cocainefrance.com\/?page_id=28"},"modified":"2023-09-19T01:26:42","modified_gmt":"2023-09-19T01:26:42","slug":"metatags4","status":"publish","type":"page","link":"https:\/\/cocainefrance.com\/index.php\/metatags4\/","title":{"rendered":"metatags4"},"content":{"rendered":"<p>cocaine normandie<br \/>\nsac cocaine normandie<br \/>\ncocaine normandie plage<br \/>\ncocaine normandie prix<br \/>\ncocaine \u00e9chou\u00e9 normandie<br \/>\nparis normandie cocaine<br \/>\ncocaine sur les plages de normandie<br \/>\ndrogue en normandie<br \/>\nhavre coca\u00efne<br \/>\nancien coca\u00efnomane<br \/>\nnomy coca\u00efne<br \/>\ncocaine normandy beach<br \/>\nbc normandie<br \/>\nbass normandie<br \/>\ncocaine cote normande<br \/>\ncoca cola normandie<br \/>\nc normand<br \/>\nc e normandie<br \/>\ncocaine plage de normandie<br \/>\ncocaine en normandie<br \/>\ncoca\u00efne \u00e9chou\u00e9 en normandie<br \/>\ndrogue normandie<br \/>\nescadron normandie-ni\u00e9men boutique<br \/>\nharcourt-normandie<br \/>\nmc normandie<br \/>\nmanche drogue<br \/>\no&rsquo;tacos normandie<br \/>\no&rsquo;tacos caen numero<br \/>\ncocaine plage normandie<br \/>\nrc coca\u00efne<br \/>\ntrafic drogue normandie<br \/>\nt.en normandie<br \/>\nv and b caen nord h\u00e9rouville-saint-clair<br \/>\nv and b caen nord<br \/>\nw normandie<br \/>\nnomy coca\u00efne traduction<br \/>\n09 coca\u00efne<br \/>\n1 rue normandie niemen 14000 caen<br \/>\n1 rue de normandie<br \/>\n1 tonne de coca\u00efne<br \/>\n2 tonnes de coca\u00efne, cocaine ligne<br \/>\nanglais cocaine ligne<br \/>\nligne cocaine gramme<br \/>\ncocaine en ligne avis<br \/>\nacheter cocaine en ligne canada<br \/>\nligne coca\u00efne<br \/>\nune ligne de coke<br \/>\nje n&rsquo;arrive pas \u00e0 arr\u00eater la coca\u00efne<br \/>\nligne.a<br \/>\nligne.b<br \/>\nligne b cognac<br \/>\ncocaine danse de ligne<br \/>\nligne de coca\u00efne en anglais<br \/>\ncocaine danse en ligne<br \/>\nregarder air coca\u00efne en ligne<br \/>\nligne drogue<br \/>\nligne de coke<br \/>\ni love cocain<br \/>\nj&rsquo;aime la coca\u00efne<br \/>\nligne.k, cocaine bretagne<br \/>\ncocaine bretagne plage<br \/>\nsaisie cocaine montoir de bretagne<br \/>\nsaisie cocaine bretagne<br \/>\na coke<br \/>\na la coiffe bretonne korrigans<br \/>\ndrogue a brest<br \/>\nbrest coca<br \/>\ndrogue en bretagne<br \/>\nblack coca\u00efne<br \/>\nb comme breizh<br \/>\ncoca\u00efne bleu<br \/>\ncoca cola bretagne<br \/>\ncoca cola breton<br \/>\ncoca cola breizh<br \/>\ncoca bretagne<br \/>\ncoca\u00efne lorient<br \/>\ncoca de bretagne<br \/>\ncocaine montoir de bretagne<br \/>\ncocaine en bretagne<br \/>\nm\u00e9lange coke k\u00e9tamine<br \/>\nf k coiffure rennes<br \/>\nfrac bretagne collection<br \/>\ngo fast bretagne<br \/>\nglasgow brest coiffeur<br \/>\nglasgow coiffure brest<br \/>\nh. la drogue<br \/>\ni love cocain<br \/>\ni love bretagne<br \/>\nje contacte bretagne homme<br \/>\nje contacte bretagne<br \/>\njj cale coca\u00efne<br \/>\nk drogue<br \/>\nck drogue<br \/>\nl&rsquo;alcool en bretagne<br \/>\nlocal commercial bretagne<br \/>\nla coca\u00efne bienfaits<br \/>\nn-ac\u00e9tylcyst\u00e9ine coca\u00efne<br \/>\no tacos bretagne<br \/>\no tacos rennes colombier<br \/>\no tacos colombier<br \/>\n\u00f4 corse<br \/>\nolive coca\u00efne<br \/>\ntrafic coca\u00efne lorient<br \/>\ncocaine plage bretagne<br \/>\ncoca\u00efne quantit\u00e9<br \/>\nrc coca\u00efne<br \/>\ncrack rennes<br \/>\ntrafic drogue bretagne<br \/>\ntrafic de drogue cotes d&rsquo;armor<br \/>\nu c briochine<br \/>\ndrogue bretagne<br \/>\nvente coca\u00efne gta 5<br \/>\nv drogue<br \/>\nv and b bretagne<br \/>\nx coast<br \/>\nyvan colonna breton<br \/>\nzopiclone coca\u00efne<br \/>\ndrogue cotes d&rsquo;armor<br \/>\n09 coca\u00efne<br \/>\n09 coke<br \/>\n1 tonne de coca\u00efne<br \/>\n1 tonne de coca\u00efne saisie<br \/>\n2 cc drogue<br \/>\n2 tonnes de coca\u00efne<br \/>\n2 grammes de coke par jour<br \/>\n3 tonnes de coca\u00efne saisie<br \/>\n3 tonnes de coca\u00efne saisie marseille<br \/>\n4 tonnes de coca\u00efne saisies<br \/>\n4c concarneau<br \/>\n4 mec drogue<br \/>\nbretagne 5\/5<br \/>\n5 tonnes de coca\u00efne prix<br \/>\n5 gramme de coke<br \/>\n6 place de bretagne rennes<br \/>\n6 square des cloteaux rennes<br \/>\n7 place de bretagne rennes<br \/>\n7 place du colombier rennes<br \/>\n8 ball drogue<br \/>\n8a breizhgo<br \/>\n88 rennes discoth\u00e8que<br \/>\n88 rennes boite<br \/>\n9 place de bretagne<br \/>\n9 place de bretagne rennes<br \/>\nligne de coke humour<br \/>\nligne.p<br \/>\nrc coca\u00efne<br \/>\ncoca\u00efne lyrics<br \/>\ntic cocainomane<br \/>\nune ligne de coke poids<br \/>\nphoto ligne de coke<br \/>\nligne x<br \/>\nzap cocain.fr<br \/>\n1g de coke combien de ligne<br \/>\n2 cc drogue<br \/>\n4 tonnes de coca\u00efne saisies<br \/>\n5 gramme de coke<br \/>\n5 tonnes de coca\u00efne prix<br \/>\n5 ligne<br \/>\nligne. 7<br \/>\n8 ball drogue<br \/>\nligne. 8<br \/>\nligne. 9<br \/>\n2cv occasion normandie<br \/>\n2 cc drogue<br \/>\n2 rue de normandie<br \/>\n3 normandie<br \/>\n3 tonnes de coca\u00efne saisie<br \/>\n3 rue normandie<br \/>\n4 tonnes de coca\u00efne saisies<br \/>\n5 tonnes de coca\u00efne prix<br \/>\n5 caen<br \/>\n6 juin caen<br \/>\n76actu le havre coca\u00efne<br \/>\n8 rue de normandie<br \/>\n8 ball drogue<br \/>\n9ine club caen<br \/>\n9ine klub caen<\/p>\n<div class='smartthreema_box'><img src='https:\/\/cocainefrance.com\/wp-content\/plugins\/smart-threema\/images\/floating-button-threema-klein.png' class='smartthreema_img'><a href='https:\/\/three.ma\/JHXT6HHA' target='_blank' class='smartthreema_link'>Please Download Threema App<\/a><br><div class='smartthreema_minimsg'>to your Mobile Device and click again<\/div><\/div>","protected":false},"excerpt":{"rendered":"<p>cocaine normandie sac cocaine normandie cocaine normandie plage cocaine normandie prix cocaine \u00e9chou\u00e9 normandie paris normandie cocaine cocaine sur les plages de normandie drogue en normandie havre coca\u00efne ancien coca\u00efnomane nomy coca\u00efne cocaine normandy beach bc normandie bass normandie cocaine cote normande coca cola normandie c normand c e normandie cocaine plage de normandie cocaine [&hellip;]<\/p>\n","protected":false},"author":1,"featured_media":0,"parent":0,"menu_order":0,"comment_status":"closed","ping_status":"closed","template":"","meta":{"footnotes":""},"class_list":["post-28","page","type-page","status-publish","hentry"],"_links":{"self":[{"href":"https:\/\/cocainefrance.com\/index.php\/wp-json\/wp\/v2\/pages\/28","targetHints":{"allow":["GET"]}}],"collection":[{"href":"https:\/\/cocainefrance.com\/index.php\/wp-json\/wp\/v2\/pages"}],"about":[{"href":"https:\/\/cocainefrance.com\/index.php\/wp-json\/wp\/v2\/types\/page"}],"author":[{"embeddable":true,"href":"https:\/\/cocainefrance.com\/index.php\/wp-json\/wp\/v2\/users\/1"}],"replies":[{"embeddable":true,"href":"https:\/\/cocainefrance.com\/index.php\/wp-json\/wp\/v2\/comments?post=28"}],"version-history":[{"count":0,"href":"https:\/\/cocainefrance.com\/index.php\/wp-json\/wp\/v2\/pages\/28\/revisions"}],"wp:attachment":[{"href":"https:\/\/cocainefrance.com\/index.php\/wp-json\/wp\/v2\/media?parent=28"}],"curies":[{"name":"wp","href":"https:\/\/api.w.org\/{rel}","templated":true}]}}