{"id":26,"date":"2023-09-19T01:25:40","date_gmt":"2023-09-19T01:25:40","guid":{"rendered":"https:\/\/cocainefrance.com\/?page_id=26"},"modified":"2023-09-19T01:25:40","modified_gmt":"2023-09-19T01:25:40","slug":"acheter-cocaine-online-france","status":"publish","type":"page","link":"https:\/\/cocainefrance.com\/index.php\/acheter-cocaine-online-france\/","title":{"rendered":"metatags3"},"content":{"rendered":"<p>darknet france<br \/>\ndarknet arrestation france<br \/>\ndarknet reportage france 2<br \/>\ndarknet interdit en france<br \/>\ndarknet francophone<br \/>\ndarknet c&rsquo;est quoi<br \/>\ndarknet gratuit<br \/>\nle darknet c&rsquo;est quoi, darknet<br \/>\ncomment acceder au darknet<br \/>\nle pire du darknet<br \/>\ndarknet diaries<br \/>\ndarknet c&rsquo;est quoi<br \/>\ndarknet def<br \/>\ndarknet femme<br \/>\ndarknet sites<br \/>\ndarknet sur mer saison 2<br \/>\ndarknet acces<br \/>\ndarknet ai<br \/>\ndarknet alexeyab<br \/>\ndarknet acceder<br \/>\ndarknet avec iphone<br \/>\ndarknet android<br \/>\ndarknet app<br \/>\ndarknet application<br \/>\naller sur le darknet<br \/>\nalphabay darknet<br \/>\narmurerie darknet<br \/>\nacheter permis de conduire darknet<br \/>\nacteur darknet sur mer<br \/>\nacheter carte bancaire darknet<br \/>\nacheter des faux billets sur le darknet<br \/>\nannuaire darknet<br \/>\nai darknet<br \/>\nwhat is a darknet marketplace<br \/>\ndarknet arme \u00e0 feu<br \/>\nacc\u00e8s darknet<br \/>\ndarknet browser<br \/>\ndarknet band<br \/>\ndarknet bible<br \/>\ndarknet bet sportal<br \/>\ndarknet browser download<br \/>\ndarknet brawl stars<br \/>\ndarknet bot<br \/>\ndarknet browser tor<br \/>\ndarknet betting tips<br \/>\ndarknet bet<br \/>\nboystown darknet<br \/>\nbande annonce darknet sur mer<br \/>\nblacksprut darknet<br \/>\nbest darknet diaries episodes<br \/>\nblack duck eggs darknet diaries<br \/>\nboystown darknet link<br \/>\n\/bin\/bash .\/darknet is a directory<br \/>\nbest darknet market 2023 reddit<br \/>\n\/bin\/bash .\/darknet no such file or directory<br \/>\n\/bin\/bash .\/darknet permission denied<br \/>\ndarknet comment y aller<br \/>\ndarknet carte bancaire avis<br \/>\ndarknet choquant<br \/>\ndarknet carte bancaire<br \/>\ndarknet correct score<br \/>\ndarknet carte bancaire gratuite<br \/>\ndarknet c quoi<br \/>\ndarknet carding<br \/>\ndarknet comment se faire livrer<br \/>\nc&rsquo;est quoi le darknet<br \/>\ncomment payer sur le darknet<br \/>\ncasting darknet sur mer<br \/>\ncarte bancaire darknet<br \/>\ncocorico darknet<br \/>\ncomment vendre de la drogue sur le darknet<br \/>\ncritique darknet sur mer<br \/>\ncrypto darknet<br \/>\ncsp darknet<br \/>\ndarknet nas\u0131l \u00e7al\u0131\u015f\u0131r<br \/>\n\u00e7a veut dire quoi darknet<br \/>\ndarknet d\u00e9finition<br \/>\ndarknet deepweb<br \/>\ndarknet definition simple<br \/>\ndarknet depuis iphone<br \/>\ndarknet danger<br \/>\ndarknet deep learning<br \/>\ndarknet diaries best episodes<br \/>\ndarknet drogue prix<br \/>\ndarknet tor<br \/>\ndarknet et darkweb<br \/>\ndarknet explication<br \/>\ndarknet est il legal<br \/>\n.\/darknet error while loading shared libraries<br \/>\ndarknet escrow<br \/>\ndarknet email check<br \/>\ndarknet email<br \/>\ndarknet error location .\/src\/dark_cuda.c check_error line #69<br \/>\ndarknet.exe download<br \/>\ndarknet explained<br \/>\nle darknet<br \/>\nemail im darknet<br \/>\nerfinder darknet<br \/>\nentrer sur le darknet<br \/>\nest il ill\u00e9gal d&rsquo;aller sur le darknet<br \/>\nerkl\u00e4rung darknet<br \/>\nempire market darknet<br \/>\ne liquide thc darknet<br \/>\nebooks darknet<br \/>\nevolution darknet market<br \/>\ndarknet o que \u00e9<br \/>\ndarknet \u00e9 seguro<br \/>\n\u00e9pisodes de darknet-sur-mer<br \/>\no que \u00e9 darknet<br \/>\no&rsquo;que \u00e9 a darknet<br \/>\ndarknet cos&rsquo;\u00e8<br \/>\ncos&rsquo;\u00e8 darknet<br \/>\nche cos&rsquo;\u00e8 una darknet<br \/>\ncos&rsquo;\u00e8 il darknet<br \/>\ncosa \u00e8 una darknet<br \/>\nche cos&rsquo;\u00e8 darknet<br \/>\ncos&rsquo;\u00e8 un darknet<br \/>\nche cos \u00e8 un darknet<br \/>\ndarknet interdit<br \/>\nle darknet c&rsquo;est quoi<br \/>\nle darknet est-il ill\u00e9gal<br \/>\ndarknet et dark web<br \/>\ndarknet faux billet<br \/>\ndarknet faux papier<br \/>\ndarknet fixed matches<br \/>\nfaux dipl\u00f4me darknet<br \/>\nfaux billet darknet<br \/>\nfaux billet darknet forum<br \/>\nfreenet darknet<br \/>\nforum darknet francais 2022<br \/>\nfilm darknet sur mer<br \/>\nfilm sur le darknet<br \/>\nfaux permis moto darknet<br \/>\nfemme valise darknet<br \/>\nfilm darknet netflix<br \/>\ndarknet gratuit<br \/>\ndarknet github<br \/>\ndarknet gta 5<br \/>\ndarknet google colab<br \/>\ndarknet gpt<br \/>\ndarknet game<br \/>\ndarknet github alexeyab<br \/>\ndarknet guns review<br \/>\ndarknet gpu<br \/>\ndarknet gr\u00f6\u00dfe<br \/>\nhydra darknet marketplace<br \/>\nhansa darknet<br \/>\nhttp \/\/darknet.so \u043e\u0442\u0437\u044b\u0432\u044b<br \/>\nhow to install darknet<br \/>\nhow to acces darknet<br \/>\nhow to use pgp key darknet<br \/>\nhow to browse the darknet<br \/>\nhow to install darknet in python<br \/>\nhow to darknet reddit<br \/>\nhacker darknet market<br \/>\ndarknet iphone<br \/>\ndarknet iceberg<br \/>\ndarknet ia<br \/>\ndarknet illegal ou pas<br \/>\ndarknet installation<br \/>\niceberg darknet<br \/>\niphone darknet<br \/>\ninstall darknet<br \/>\nimdb darknet sur mer<br \/>\ninstall darknet python<br \/>\niptv darknet<br \/>\ninstall darknet on windows<br \/>\nis the darknet illegal<br \/>\nindonesian darknet<br \/>\nis darknet legal<br \/>\ndarknet jobs<br \/>\ndarknet jetson nano<br \/>\ndarknet jak wej\u015b\u0107<br \/>\ndarknet jvc<br \/>\ndarknet java script<br \/>\ndarknet java<br \/>\ndarknet javelin<br \/>\ndarknet jamie bartlett<br \/>\ndarknet journal article<br \/>\ndarknet jak se tam dostat<br \/>\njenke crime darknet<br \/>\njak na darknet<br \/>\njak wejsc w darknet<br \/>\njenke experiment darknet<br \/>\njak dzia\u0142a darknet<br \/>\njedwabny szlak darknet<br \/>\njak wejsc do darknet<br \/>\njak wej\u015b\u0107 na darknet na telefonie<br \/>\njak przegl\u0105da\u0107 darknet<br \/>\njaka przegladarka do darknet<br \/>\ndarknet kya hai<br \/>\ndarknet kya hota hai<br \/>\ndarknet killed<br \/>\ndarknet kya hai hindi me<br \/>\ndarknet kinemaster v5 final mod<br \/>\ndarknet king<br \/>\ndarknet kingpin<br \/>\ndarknet kaise use kare in hindi<br \/>\ndarknet kinemaster v5 apk download<br \/>\ndarknet kinder instagram<br \/>\nkraken darknet \u0441\u0441\u044b\u043b\u043a\u0430<br \/>\nkraken darknet market<br \/>\nknarkkungarna p\u00e5 darknet<br \/>\nkraken darknet market \u0441\u0441\u044b\u043b\u043a\u0430<br \/>\nkukon darknet<br \/>\nkreditkarten darknet<br \/>\nkann man mit dem handy ins darknet<br \/>\nkredit darknet<br \/>\nkiller darknet<br \/>\nksi\u0105\u017cka darknet<br \/>\ndarknet logiciel<br \/>\ndarknet logo<br \/>\ndarknet livre<br \/>\ndarknetlive<br \/>\ndarknet login<br \/>\nlogiciel darknet<br \/>\nlien darknet carte bancaire<br \/>\nlogiciel tor darknet<br \/>\nlieu de tournage darknet sur mer<br \/>\nlien faux billet darknet<br \/>\nle darknet est il l\u00e9gal<br \/>\nles dangers du darknet<br \/>\nlouis k darknet<br \/>\ndarknet model<br \/>\ndarknet moteur de recherche<br \/>\ndarknet market alphabay<br \/>\nmoteur de recherche darknet<br \/>\nmonopoly market darknet<br \/>\nmega darknet<br \/>\nmonero darknet<br \/>\nmail darknet<br \/>\nmartin darknet urteil wallstreet<br \/>\nmosaic=1 &#8211; compile darknet with opencv for using mosaic=1<br \/>\nmcafee darknet<br \/>\nmit bitcoin im darknet bezahlen<br \/>\nmac darknet<br \/>\ndarknet netflix<br \/>\ndarknet navigateur<br \/>\ndarknet news<br \/>\ndarknet neural network<br \/>\ndarknet najgorsze rzeczy<br \/>\ndarknet nedir<br \/>\n.\/darknet no such file or directory<br \/>\ndarknet nedir nas\u0131l girilir<br \/>\ndarknet new identity<br \/>\ndarknet no package &lsquo;opencv&rsquo; found<br \/>\nnavigateur tor darknet<br \/>\nnavigateur darknet<br \/>\nnarkotikah\u00e4rvan p\u00e5 darknet<br \/>\nnetflix doku darknet<br \/>\nnordvpn darknet<br \/>\nnetflix serie darknet<br \/>\nno module named &lsquo;darknet&rsquo;<br \/>\nnetflix darknet film<br \/>\nnetflix darknet documentary<br \/>\nno package &lsquo;opencv&rsquo; found darknet<br \/>\ndarknet ou darkweb<br \/>\ndarknet onion browser<br \/>\ndarknetone<br \/>\ndarknet opencv<br \/>\ndarknet open source<br \/>\ndarknet object detection<br \/>\ndarknet onnx<br \/>\ndarknet os<br \/>\ndarknet osint<br \/>\ndarknet opencl<br \/>\nou se faire livrer darknet<br \/>\nou a ete tourne darknet sur mer<br \/>\nonion.pet &#8211; tor2web darknet proxy<br \/>\norigine du darknet<br \/>\nou est tourne darknet sur mer<br \/>\nolivier hude darknet<br \/>\nomg darknet<br \/>\norfox darknet<br \/>\nozempic darknet<br \/>\nopencv darknet<br \/>\ndarknet \u00f6sterreich<br \/>\ndarknet \u00f6ffnen<br \/>\ndarknet photo<br \/>\ndarknet piratage<br \/>\ndarknet parfum<br \/>\ndarknet pdf<br \/>\ndarknet pour homme<br \/>\n.\/darknet permission denied<br \/>\ndarknet pictures<br \/>\ndarknet python<br \/>\ndarknet podcast<br \/>\ndarknet pytorch<br \/>\nprix carte bancaire darknet<br \/>\npgp key darknet<br \/>\npaypal darknet<br \/>\npermis de conduire darknet<br \/>\npgp darknet<br \/>\nprix xanax darknet<br \/>\npython darknet<br \/>\npgp android darknet<br \/>\npjreddie darknet github<br \/>\npodcast like darknet diaries<br \/>\ndarknet qu&rsquo;est ce que c&rsquo;est<br \/>\ndarknet que peut on trouver<br \/>\ndarknet que es<br \/>\ndarknet quantization<br \/>\ndarknet quora<br \/>\ndarknet questions<br \/>\ndark net quote<br \/>\nqu&rsquo;est ce darknet<br \/>\ndarknet le voyage qui fait peur<br \/>\nque trouve-t-on sur le darknet<br \/>\nqu&rsquo;est ce que le darknet<br \/>\nqui utilise tor et le darknet<br \/>\nque peut on acheter sur le darknet<br \/>\nqui a cr\u00e9\u00e9 le darknet<br \/>\nque faire sur le darknet<br \/>\nqu&rsquo;est ce que c&rsquo;est le darknet<br \/>\nque veut dire darknet<br \/>\nque peut t&rsquo;on trouver sur le darknet<br \/>\nque signifie darknet<br \/>\ndarknet reddit<br \/>\ndarknet ros<br \/>\ndarknet_ros_msgs<br \/>\ndarknet reportage<br \/>\ndarknet raspberry pi<br \/>\ndarknet recon<br \/>\ndarknet ros install<br \/>\ndarknet ros message\/bounding boxes<br \/>\ndarknet. ru<br \/>\ndarknet rutor<br \/>\nreportage darknet<br \/>\nrecon darknet<br \/>\nrutor darknet<br \/>\nrandom darknet shopper<br \/>\nreddit darknet diaries<br \/>\nros darknet<br \/>\nreddit darknet<br \/>\nreddit best darknet market 2023<br \/>\nreddit best darknet markets<br \/>\nreddit darknet markets 2022<br \/>\ndarknet sur mer streaming<br \/>\ndarknet sur iphone<br \/>\ndarknet s\u00e9rie netflix<br \/>\ndarknet sur mer lieu de tournage<br \/>\ndarknet search engine<br \/>\ndarknet sur mer gringe<br \/>\ndarknet signification<br \/>\nsite darknet carte bancaire<br \/>\nsilkroad darknet<br \/>\nstreaming darknet sur mer<br \/>\nserie netflix darknet<br \/>\nsaison 2 darknet sur mer<br \/>\nserie darknet<br \/>\nspotify darknet diaries<br \/>\nsearch engine darknet<br \/>\nsind meine daten im darknet<br \/>\nsilk road darknet diaries<br \/>\ndarknet traduction<br \/>\ndarknet tuto<br \/>\ndarknet tor download<br \/>\ndarknet telecharger<br \/>\ndarknet telephone<br \/>\ndarknet tv<br \/>\ndarknet tor browser<br \/>\ndarknet to onnx<br \/>\ndarknet tv series<br \/>\nt\u00e9l\u00e9charger darknet<br \/>\ntor logiciel darknet<br \/>\nt\u00e9l\u00e9charger tor darknet<br \/>\ntop moteur de recherche darknet<br \/>\nt\u00e9l\u00e9charger darknet android<br \/>\ntuto darknet<br \/>\ntrouver hacker darknet<br \/>\ntournage darknet sur mer<br \/>\ntueur a gage darknet<br \/>\nthe one darknet<br \/>\nuni due darknet<br \/>\nunterschied darknet und dark web<br \/>\nurteil darknet wallstreet<br \/>\nunterschied zwischen darknet und deep web<br \/>\nurteil martin darknet<br \/>\nurteil darknet martin the one<br \/>\nutilisation darknet<br \/>\nunit 8200 darknet diaries<br \/>\nubuntu darknet<br \/>\nukraine waffen darknet<br \/>\ndarknet-sur-mer<br \/>\nle darknet definition<br \/>\nle darknet pour les nuls<br \/>\nle darknet et ses dangers<br \/>\nle darknet est il dangereux<br \/>\nle darknet existe t il<br \/>\nle nouveau darknet<br \/>\ndarknet viagra<br \/>\ndarknet vente humain<br \/>\ndarknet video choc<br \/>\ndarknet vpn<br \/>\ndark web et darknet<br \/>\ndeep web et darknet<br \/>\ndarknet via tor<br \/>\ndarknet vs pytorch<br \/>\ndarknet vs tensorflow<br \/>\nvad \u00e4r darknet<br \/>\nvad kan man k\u00f6pa p\u00e5 darknet<br \/>\nvpn f\u00fcr darknet<br \/>\nvpn darknet<br \/>\nvirement bancaire darknet<br \/>\nvpn gratuit pour darknet<br \/>\nvid\u00e9o darknet<br \/>\nvid\u00e9os sur darknet-sur-mer<br \/>\nvpn darknet gratuit<br \/>\nveille darknet<br \/>\ndarknet wikip\u00e9dia<br \/>\ndarknet web search<br \/>\ndarknet wallpaper<br \/>\ndarknet weights file format<br \/>\ndarknet without vpn<br \/>\ndarknet windows<br \/>\ndarknet weights<br \/>\ndarknet website templates<br \/>\ndarknet windows installation<br \/>\ndarknet websites 2022<br \/>\nwhat is darknet yolo<br \/>\nwww.darknet.com login<br \/>\nwhat is darknet market<br \/>\nwas ist darknet leicht erkl\u00e4rt<br \/>\nwhat is dread darknet<br \/>\nwie komme ich ins darknet<br \/>\nwww darknet tor<br \/>\nwas ist darknet<br \/>\nwas ist das darknet<br \/>\nwhat is darknet framework<br \/>\ndarknet explain<br \/>\ndarknet xataka<br \/>\nxbox darknet diaries<br \/>\ndarknet diaries xbox underground<br \/>\nxg darknet 240hz<br \/>\nxg darknet<br \/>\ndarknet diaries xbox underground reddit<br \/>\ndarknet jetson xavier<br \/>\nxbox underground darknet diaries<br \/>\ndarknet diaries xbox part 2<br \/>\ndarknet error #error opencv 4.x+ requires enabled c++11 support<br \/>\ndarknet haqida<br \/>\ndarknet yolo<br \/>\ndarknet yolov8<br \/>\ndarknet yolov4<br \/>\ndarknet yolo download<br \/>\ndarknet yolo docker<br \/>\nyolo v7 darknet<br \/>\ndarknet yolo github<br \/>\ndarknet yolov5<br \/>\ndarknet yolov4 github<br \/>\ndarknet youtube alternative<br \/>\nyolo darknet<br \/>\nyolov4 darknet<br \/>\nyoutube darknet<br \/>\nyolo darknet alexeyab<br \/>\nyolo darknet github<br \/>\nyolov3 darknet github<br \/>\nyolov4 darknet python<br \/>\nyolo darknet format<br \/>\nyolov5 darknet<br \/>\ndarknet zugang<br \/>\ndarknet zerotonin 3 lyrics<br \/>\ndarknet zugang handy<br \/>\ndarknet zugang tor-browser<br \/>\ndarknet zugang android<br \/>\ndarknet zdj\u0119cia<br \/>\ndarknet zugang iphone<br \/>\ndarknet zugriff<br \/>\ndarknet zeugnis kaufen<br \/>\nzugang zum darknet<br \/>\nzeugnis kaufen darknet<br \/>\nzugang darknet legal<br \/>\nzugang darknet iphone<br \/>\nzigaretten darknet<br \/>\nzdf darknet<br \/>\nzugang darknet mac<br \/>\nzeugnis darknet<br \/>\nzataz darknet<br \/>\nzero day brokers darknet diaries<br \/>\ndarknet map 0<br \/>\ndarknet cannot load image data\/labels\/32_0.png<br \/>\ndarknet 19<br \/>\ndarknet 1&#215;2<br \/>\ndarknet 1033<br \/>\ndarknet windows 10<br \/>\ndarknet diaries episode 13<br \/>\ndarknet diaries episode 1<br \/>\n189 darknet<br \/>\n12p darknet<br \/>\ndarknet_ros-1 process has died<br \/>\ndarknet diaries episode 13 map<br \/>\ndarknet diaries episode 100<br \/>\ndarknet diaries episode 15<br \/>\ndarknet-19<br \/>\ndarknet 19 architecture<br \/>\ncapa 189 darknet<br \/>\ndarknet 2023<br \/>\ndarknet ubuntu 20.04<br \/>\nsite darknet 2023<br \/>\n2023 darknet links<br \/>\ndarknet marktplatz 2023<br \/>\n2023 darknet market<br \/>\n2022 darknet markets reddit<br \/>\n2022 darknet markets<br \/>\nadresse darknet 2023<br \/>\nbest darknet markets 2022<br \/>\nstandoff 2 darknet<br \/>\ndarknet 3d<br \/>\ndarknet cicada 3301<br \/>\ndarknet diaries 3 alarm lamp scooter<br \/>\ndarknet diaries episode 3<br \/>\ndarknet diaries episode 36<br \/>\ndefcon 30 darknet<br \/>\ndarknet diaries ep 34<br \/>\ndefcon 30 darknet opsec<br \/>\ndarknet browser 32 bit<br \/>\ndarknet flugsvamp 3.0<br \/>\n3 mmc darknet<br \/>\ndarknet unsupported gpu architecture &lsquo;compute_30&rsquo;<br \/>\ndarknet nvcc fatal unsupported gpu architecture &lsquo;compute_30&rsquo;<br \/>\ndarknet 4chan<br \/>\ndarknet opencv 4<br \/>\ndarknet flugsvamp 4.0<br \/>\ndarknet opencv 4.x+ requires enabled c++11 support<br \/>\ndarknet diaries episode 4<br \/>\ndarknet diaries episode 46<br \/>\ndarknet diaries episode 41<br \/>\ndarknet error opencv 4.x+ requires enabled c++11 support<br \/>\ndarknet 4pda<br \/>\ndarknet 4chan reddit<br \/>\nsilk road 4.0 darknet<br \/>\ndarknet diaries ep 4<br \/>\ndarknet raspberry pi 4<br \/>\ndarknet 53<br \/>\ndarknet 53 architecture<br \/>\ndarknet 53 explanation<br \/>\ndarknet 53 vs resnet50<br \/>\ndarknet-53 paper<br \/>\ndarknet-53 yolov3<br \/>\ndarknet-53 layers<br \/>\ndarknet 53 structure<br \/>\ncsp darknet 53<br \/>\ndarknet chatroom 55<br \/>\ndarknet diaries episode 50<br \/>\ndarknet diaries episode 57<br \/>\ndarknet diaries episode 54<br \/>\ndarknet diaries episode 59<br \/>\ncsp darknet 53 vs resnet<br \/>\ndarknet 666<br \/>\ndarknet diaries episode 6<br \/>\ndarknet diaries episode 69<br \/>\ndarknet diaries episode 67<br \/>\ndarknet diaries ep 6<br \/>\n\u0441\u043a\u0430\u0447\u0430\u0442\u044c brawl stars darknet 666<br \/>\ndarknet sur mer<br \/>\ndarknet \u0441\u0430\u0439\u0442<br \/>\ndarknet diaries 78<br \/>\ndarknet diaries episode 72<br \/>\ndarknet diaries episode 75<br \/>\ndarknet season 2 episode 7<br \/>\ndarknet 830<br \/>\ndarknet 820<br \/>\ndarknet 810<br \/>\ndarknet 820 software<br \/>\ndarknet 830 software<br \/>\ndarknet 810 software<br \/>\ndarknet diaries 8200<br \/>\ngaming freak darknet 820<br \/>\ndarknet diaries episode 86<br \/>\n.\/darknet error while loading shared libraries libcudnn.so.8<br \/>\ndarknet diaries 92<br \/>\ndarknet diaries episode 99<br \/>\ndarknet diaries episode 97<br \/>\ndarknet diaries episode 96<br \/>\ndarknet francais<br \/>\ndarknet francaise<br \/>\nforum darknet francais 2022<br \/>\ndarknet definition francais<br \/>\ndarknet traduction francais<br \/>\ntraduire en francais darknet<br \/>\nvpn darknet gratuit<br \/>\n0 dark thirty<br \/>\ndarknet forum fran\u00e7ais 2021<br \/>\ndarknet-53<br \/>\ndark web france<\/p>\n<div class='smartthreema_box'><img src='https:\/\/cocainefrance.com\/wp-content\/plugins\/smart-threema\/images\/floating-button-threema-klein.png' class='smartthreema_img'><a href='https:\/\/three.ma\/JHXT6HHA' target='_blank' class='smartthreema_link'>Please Download Threema App<\/a><br><div class='smartthreema_minimsg'>to your Mobile Device and click again<\/div><\/div>","protected":false},"excerpt":{"rendered":"<p>darknet france darknet arrestation france darknet reportage france 2 darknet interdit en france darknet francophone darknet c&rsquo;est quoi darknet gratuit le darknet c&rsquo;est quoi, darknet comment acceder au darknet le pire du darknet darknet diaries darknet c&rsquo;est quoi darknet def darknet femme darknet sites darknet sur mer saison 2 darknet acces darknet ai darknet alexeyab [&hellip;]<\/p>\n","protected":false},"author":1,"featured_media":0,"parent":0,"menu_order":0,"comment_status":"closed","ping_status":"closed","template":"","meta":{"footnotes":""},"class_list":["post-26","page","type-page","status-publish","hentry"],"_links":{"self":[{"href":"https:\/\/cocainefrance.com\/index.php\/wp-json\/wp\/v2\/pages\/26","targetHints":{"allow":["GET"]}}],"collection":[{"href":"https:\/\/cocainefrance.com\/index.php\/wp-json\/wp\/v2\/pages"}],"about":[{"href":"https:\/\/cocainefrance.com\/index.php\/wp-json\/wp\/v2\/types\/page"}],"author":[{"embeddable":true,"href":"https:\/\/cocainefrance.com\/index.php\/wp-json\/wp\/v2\/users\/1"}],"replies":[{"embeddable":true,"href":"https:\/\/cocainefrance.com\/index.php\/wp-json\/wp\/v2\/comments?post=26"}],"version-history":[{"count":0,"href":"https:\/\/cocainefrance.com\/index.php\/wp-json\/wp\/v2\/pages\/26\/revisions"}],"wp:attachment":[{"href":"https:\/\/cocainefrance.com\/index.php\/wp-json\/wp\/v2\/media?parent=26"}],"curies":[{"name":"wp","href":"https:\/\/api.w.org\/{rel}","templated":true}]}}